{"id":4018,"date":"2025-05-14T10:09:55","date_gmt":"2025-05-14T10:09:55","guid":{"rendered":"https:\/\/afrogrow-project.eu\/?page_id=4018"},"modified":"2025-05-16T10:01:43","modified_gmt":"2025-05-16T10:01:43","slug":"afrogrow-platform","status":"publish","type":"page","link":"https:\/\/afrogrow-project.eu\/fr\/afrogrow-platform\/","title":{"rendered":"Plateforme AfroGrow"},"content":{"rendered":"<div data-elementor-type=\"wp-page\" data-elementor-id=\"4018\" class=\"elementor elementor-4018\" data-elementor-post-type=\"page\">\n\t\t\t\t<div class=\"elementor-element elementor-element-3bb13fd4 e-flex e-con-boxed e-con e-parent\" data-id=\"3bb13fd4\" data-element_type=\"container\">\n\t\t\t\t\t<div class=\"e-con-inner\">\n\t\t\t\t<div class=\"elementor-element elementor-element-f080ece elementor-widget elementor-widget-spacer\" data-id=\"f080ece\" data-element_type=\"widget\" data-widget_type=\"spacer.default\">\n\t\t\t\t<div class=\"elementor-widget-container\">\n\t\t\t\t\t\t\t<div class=\"elementor-spacer\">\n\t\t\t<div class=\"elementor-spacer-inner\"><\/div>\n\t\t<\/div>\n\t\t\t\t\t\t<\/div>\n\t\t\t\t<\/div>\n\t\t\t\t<div class=\"elementor-element elementor-element-73b7c2d1 elementor-widget elementor-widget-text-editor\" data-id=\"73b7c2d1\" data-element_type=\"widget\" data-widget_type=\"text-editor.default\">\n\t\t\t\t<div class=\"elementor-widget-container\">\n\t\t\t\t\t\t\t\t\t\n<h3><strong>\u00c0 venir bient\u00f4t\u2026<\/strong><\/h3>\n\n<p>La plateforme AfroGrow mettra en place un cadre solide et \u00e9volutif pour h\u00e9berger les outils d\u00e9velopp\u00e9s dans le cadre du projet, permettant ainsi une prise de d\u00e9cision \u00e9clair\u00e9e gr\u00e2ce \u00e0 des solutions accessibles et conviviales.<\/p>\n\n<p>En outre, la plateforme servira de centre de collaboration, offrant aux parties prenantes de l'UA et de l'UE un espace d\u00e9di\u00e9 pour dialoguer, \u00e9changer des connaissances et renforcer les partenariats.\u00a0<\/p>\n\n<p>Cet environnement partag\u00e9 contribuera \u00e0 la viabilit\u00e9 \u00e0 long terme des laboratoires vivants et favorisera la poursuite de la collaboration intercontinentale.<\/p>\n\t\t\t\t\t\t\t\t<\/div>\n\t\t\t\t<\/div>\n\t\t\t\t<div class=\"elementor-element elementor-element-2b8dc2f elementor-widget elementor-widget-spacer\" data-id=\"2b8dc2f\" data-element_type=\"widget\" data-widget_type=\"spacer.default\">\n\t\t\t\t<div class=\"elementor-widget-container\">\n\t\t\t\t\t\t\t<div class=\"elementor-spacer\">\n\t\t\t<div class=\"elementor-spacer-inner\"><\/div>\n\t\t<\/div>\n\t\t\t\t\t\t<\/div>\n\t\t\t\t<\/div>\n\t\t\t\t\t<\/div>\n\t\t\t\t<\/div>\n\t\t\t\t<\/div>","protected":false},"excerpt":{"rendered":"<p>Coming soon&#8230; The AfroGrow Platform will establish a robust and scalable framework for hosting the tools developed within the project, enabling informed decision-making through accessible and user-friendly solutions. In addition, the platform will serve as a collaboration hub, providing AU and EU stakeholders with a dedicated space to engage, exchange knowledge, and strengthen partnerships.\u00a0 This [&hellip;]<\/p>","protected":false},"author":1,"featured_media":0,"parent":0,"menu_order":0,"comment_status":"closed","ping_status":"closed","template":"","meta":{"give_campaign_id":0,"iawp_total_views":66,"footnotes":""},"categories":[],"tags":[],"class_list":["post-4018","page","type-page","status-publish","hentry"],"campaignId":"","_links":{"self":[{"href":"https:\/\/afrogrow-project.eu\/fr\/wp-json\/wp\/v2\/pages\/4018","targetHints":{"allow":["GET"]}}],"collection":[{"href":"https:\/\/afrogrow-project.eu\/fr\/wp-json\/wp\/v2\/pages"}],"about":[{"href":"https:\/\/afrogrow-project.eu\/fr\/wp-json\/wp\/v2\/types\/page"}],"author":[{"embeddable":true,"href":"https:\/\/afrogrow-project.eu\/fr\/wp-json\/wp\/v2\/users\/1"}],"replies":[{"embeddable":true,"href":"https:\/\/afrogrow-project.eu\/fr\/wp-json\/wp\/v2\/comments?post=4018"}],"version-history":[{"count":0,"href":"https:\/\/afrogrow-project.eu\/fr\/wp-json\/wp\/v2\/pages\/4018\/revisions"}],"wp:attachment":[{"href":"https:\/\/afrogrow-project.eu\/fr\/wp-json\/wp\/v2\/media?parent=4018"}],"wp:term":[{"taxonomy":"category","embeddable":true,"href":"https:\/\/afrogrow-project.eu\/fr\/wp-json\/wp\/v2\/categories?post=4018"},{"taxonomy":"post_tag","embeddable":true,"href":"https:\/\/afrogrow-project.eu\/fr\/wp-json\/wp\/v2\/tags?post=4018"}],"curies":[{"name":"wp","href":"https:\/\/api.w.org\/{rel}","templated":true}]}}