{"id":1005,"date":"2021-12-03T14:27:53","date_gmt":"2021-12-03T14:27:53","guid":{"rendered":"https:\/\/wptf.themepul.com\/ecolar\/?page_id=1005"},"modified":"2025-11-28T09:42:51","modified_gmt":"2025-11-28T09:42:51","slug":"media-kit","status":"publish","type":"page","link":"https:\/\/afrogrow-project.eu\/fr\/media-kit\/","title":{"rendered":"Kit M\u00e9dias"},"content":{"rendered":"<div data-elementor-type=\"wp-page\" data-elementor-id=\"1005\" class=\"elementor elementor-1005\" data-elementor-post-type=\"page\">\n\t\t\t\t\t\t<section class=\"elementor-section elementor-top-section elementor-element elementor-element-09d3a2c elementor-section-boxed elementor-section-height-default elementor-section-height-default\" data-id=\"09d3a2c\" data-element_type=\"section\">\n\t\t\t\t\t\t<div class=\"elementor-container elementor-column-gap-default\">\n\t\t\t\t\t<div class=\"elementor-column elementor-col-100 elementor-top-column elementor-element elementor-element-45205fd\" data-id=\"45205fd\" data-element_type=\"column\">\n\t\t\t<div class=\"elementor-widget-wrap elementor-element-populated\">\n\t\t\t\t\t\t<div class=\"elementor-element elementor-element-9494ff2 elementor-widget elementor-widget-text-editor\" data-id=\"9494ff2\" data-element_type=\"widget\" data-widget_type=\"text-editor.default\">\n\t\t\t\t<div class=\"elementor-widget-container\">\n\t\t\t\t\t\t\t\t\tBienvenue dans la section Kit M\u00e9dias de AfroGrow, o\u00f9 vous trouverez une collection de supports promotionnels con\u00e7us pour partager notre mission et notre vision. Le kit m\u00e9dia comprend des brochures, des banni\u00e8res, des d\u00e9pliants et d'autres supports visuels qui pr\u00e9sentent un aper\u00e7u des objectifs du projet, de ses activit\u00e9s principales, de ses principaux r\u00e9sultats et de ses impacts attendus. \t\t\t\t\t\t\t\t<\/div>\n\t\t\t\t<\/div>\n\t\t\t\t\t<\/div>\n\t\t<\/div>\n\t\t\t\t\t<\/div>\n\t\t<\/section>\n\t\t\t\t<section class=\"elementor-section elementor-top-section elementor-element elementor-element-cebaa24 elementor-section-boxed elementor-section-height-default elementor-section-height-default\" data-id=\"cebaa24\" data-element_type=\"section\">\n\t\t\t\t\t\t<div class=\"elementor-container elementor-column-gap-default\">\n\t\t\t\t\t<div class=\"elementor-column elementor-col-33 elementor-top-column elementor-element elementor-element-dc051f1\" data-id=\"dc051f1\" data-element_type=\"column\">\n\t\t\t<div class=\"elementor-widget-wrap elementor-element-populated\">\n\t\t\t\t\t\t<div class=\"elementor-element elementor-element-1794720 elementor-widget elementor-widget-ecolar_banner\" data-id=\"1794720\" data-element_type=\"widget\" data-widget_type=\"ecolar_banner.default\">\n\t\t\t\t<div class=\"elementor-widget-container\">\n\t\t\t\t\t        <div class=\"ecolar-banner-wrapper\">\r\n                <h2 class=\"banner-title\">Directives relatives \u00e0 AfroGrow<\/h2>\r\n                <div class=\"ecolar-banner-dec\">\r\n                    <p>T\u00e9l\u00e9chargez la brochure contenant les directives relatives \u00e0 AfroGrow.<\/p>\r\n                <\/div>\r\n                                <div class=\"ecolar-banner-btn\">\r\n                    <a href=\"https:\/\/afrogrow-project.eu\/wp-content\/uploads\/2025\/05\/AfroGrow-Brand-Guide.pdf\"  target=\"_blank\" >T\u00e9l\u00e9chargez<i class=\"fas fa-angle-double-right\"><\/i><\/a>\r\n                <\/div>\r\n                            <\/div>\r\n        \t\t\t\t<\/div>\n\t\t\t\t<\/div>\n\t\t\t\t\t<\/div>\n\t\t<\/div>\n\t\t\t\t<div class=\"elementor-column elementor-col-66 elementor-top-column elementor-element elementor-element-52de293\" data-id=\"52de293\" data-element_type=\"column\" data-settings=\"{&quot;background_background&quot;:&quot;classic&quot;}\">\n\t\t\t<div class=\"elementor-widget-wrap elementor-element-populated\">\n\t\t\t\t\t\t\t\t\t<div data-eael_duration=\"{&quot;transitionDuration&quot;:1000}\" data-eael_easing=\"{&quot;transitionEasing&quot;:&quot;ease&quot;}\" data-eael_scale_hover_effect=\"{&quot;scale_x&quot;:1.25,&quot;scale_y&quot;:1.25}\" data-eael_hover_duration=\"{&quot;transitionDuration&quot;:1000}\" data-eael_hover_easing=\"{&quot;transitionEasing&quot;:&quot;ease-in-out&quot;}\" class=\"eael_hover_effect elementor-element elementor-element-d37bf92 elementor-widget elementor-widget-image\" data-id=\"d37bf92\" data-element_type=\"widget\" data-settings=\"{&quot;eael_hover_effect_transform_hover_popover&quot;:&quot;yes&quot;,&quot;eael_hover_effect_general_settings_hover_easing&quot;:&quot;ease-in-out&quot;,&quot;eael_hover_effect_general_settings_easing&quot;:&quot;ease&quot;}\" data-widget_type=\"image.default\">\n\t\t\t\t<div class=\"elementor-widget-container\">\n\t\t\t\t\t\t\t\t\t\t\t\t\t\t\t\t<a href=\"#\">\n\t\t\t\t\t\t\t<img fetchpriority=\"high\" decoding=\"async\" width=\"2000\" height=\"1500\" src=\"https:\/\/afrogrow-project.eu\/wp-content\/uploads\/2025\/05\/Brandbook-mockup-2-1.png\" class=\"attachment-full size-full wp-image-4161\" alt=\"\" srcset=\"https:\/\/afrogrow-project.eu\/wp-content\/uploads\/2025\/05\/Brandbook-mockup-2-1.png 2000w, https:\/\/afrogrow-project.eu\/wp-content\/uploads\/2025\/05\/Brandbook-mockup-2-1-300x225.png 300w, https:\/\/afrogrow-project.eu\/wp-content\/uploads\/2025\/05\/Brandbook-mockup-2-1-1024x768.png 1024w, https:\/\/afrogrow-project.eu\/wp-content\/uploads\/2025\/05\/Brandbook-mockup-2-1-768x576.png 768w, https:\/\/afrogrow-project.eu\/wp-content\/uploads\/2025\/05\/Brandbook-mockup-2-1-1536x1152.png 1536w\" sizes=\"(max-width: 2000px) 100vw, 2000px\" \/>\t\t\t\t\t\t\t\t<\/a>\n\t\t\t\t\t\t\t\t\t\t\t\t\t\t\t<\/div>\n\t\t\t\t<\/div>\n\t\t\t\t\t<\/div>\n\t\t<\/div>\n\t\t\t\t\t<\/div>\n\t\t<\/section>\n\t\t\t\t<section class=\"elementor-section elementor-top-section elementor-element elementor-element-10a8544 elementor-section-boxed elementor-section-height-default elementor-section-height-default\" data-id=\"10a8544\" data-element_type=\"section\">\n\t\t\t\t\t\t<div class=\"elementor-container elementor-column-gap-default\">\n\t\t\t\t\t<div class=\"elementor-column elementor-col-33 elementor-top-column elementor-element elementor-element-806a342\" data-id=\"806a342\" data-element_type=\"column\">\n\t\t\t<div class=\"elementor-widget-wrap elementor-element-populated\">\n\t\t\t\t\t\t<div class=\"elementor-element elementor-element-7e765ff elementor-widget elementor-widget-ecolar_banner\" data-id=\"7e765ff\" data-element_type=\"widget\" data-widget_type=\"ecolar_banner.default\">\n\t\t\t\t<div class=\"elementor-widget-container\">\n\t\t\t\t\t        <div class=\"ecolar-banner-wrapper\">\r\n                <h2 class=\"banner-title\">Brochure \u00e0 trois volets<\/h2>\r\n                <div class=\"ecolar-banner-dec\">\r\n                    <p><\/p>\r\n                <\/div>\r\n                            <\/div>\r\n        \t\t\t\t<\/div>\n\t\t\t\t<\/div>\n\t\t\t\t<div class=\"elementor-element elementor-element-9a51bb8 elementor-widget elementor-widget-ecolar_banner\" data-id=\"9a51bb8\" data-element_type=\"widget\" data-widget_type=\"ecolar_banner.default\">\n\t\t\t\t<div class=\"elementor-widget-container\">\n\t\t\t\t\t        <div class=\"ecolar-banner-wrapper\">\r\n                <h2 class=\"banner-title\"><\/h2>\r\n                <div class=\"ecolar-banner-dec\">\r\n                    <p>T\u00e9l\u00e9chargement avec la mention du financement de l'UE<\/p>\r\n                <\/div>\r\n                                <div class=\"ecolar-banner-btn\">\r\n                    <a href=\"https:\/\/afrogrow-project.eu\/wp-content\/uploads\/2025\/11\/Afrogrow-3fold-A4.pdf\"  target=\"_blank\" >T\u00e9l\u00e9chargez<i class=\"fas fa-angle-double-right\"><\/i><\/a>\r\n                <\/div>\r\n                            <\/div>\r\n        \t\t\t\t<\/div>\n\t\t\t\t<\/div>\n\t\t\t\t<div class=\"elementor-element elementor-element-379a199 elementor-widget elementor-widget-ecolar_banner\" data-id=\"379a199\" data-element_type=\"widget\" data-widget_type=\"ecolar_banner.default\">\n\t\t\t\t<div class=\"elementor-widget-container\">\n\t\t\t\t\t        <div class=\"ecolar-banner-wrapper\">\r\n                <h2 class=\"banner-title\"><\/h2>\r\n                <div class=\"ecolar-banner-dec\">\r\n                    <p>T\u00e9l\u00e9chargement avec la d\u00e9claration de financement de l'UE et du SERI<\/p>\r\n                <\/div>\r\n                                <div class=\"ecolar-banner-btn\">\r\n                    <a href=\"https:\/\/afrogrow-project.eu\/wp-content\/uploads\/2025\/11\/Afrogrow-3fold-A4_SERI.pdf\"  target=\"_blank\" >T\u00e9l\u00e9chargez<i class=\"fas fa-angle-double-right\"><\/i><\/a>\r\n                <\/div>\r\n                            <\/div>\r\n        \t\t\t\t<\/div>\n\t\t\t\t<\/div>\n\t\t\t\t\t<\/div>\n\t\t<\/div>\n\t\t\t\t<div class=\"elementor-column elementor-col-66 elementor-top-column elementor-element elementor-element-3471e1c\" data-id=\"3471e1c\" data-element_type=\"column\" data-settings=\"{&quot;background_background&quot;:&quot;classic&quot;}\">\n\t\t\t<div class=\"elementor-widget-wrap elementor-element-populated\">\n\t\t\t\t\t\t\t\t\t<div data-eael_duration=\"{&quot;transitionDuration&quot;:1000}\" data-eael_easing=\"{&quot;transitionEasing&quot;:&quot;ease&quot;}\" data-eael_scale_hover_effect=\"{&quot;scale_x&quot;:1.25,&quot;scale_y&quot;:1.25}\" data-eael_hover_duration=\"{&quot;transitionDuration&quot;:1000}\" data-eael_hover_easing=\"{&quot;transitionEasing&quot;:&quot;ease-in-out&quot;}\" class=\"eael_hover_effect elementor-element elementor-element-b5b39ed elementor-widget elementor-widget-image\" data-id=\"b5b39ed\" data-element_type=\"widget\" data-settings=\"{&quot;eael_hover_effect_transform_hover_popover&quot;:&quot;yes&quot;,&quot;eael_hover_effect_general_settings_hover_easing&quot;:&quot;ease-in-out&quot;,&quot;eael_hover_effect_general_settings_easing&quot;:&quot;ease&quot;}\" data-widget_type=\"image.default\">\n\t\t\t\t<div class=\"elementor-widget-container\">\n\t\t\t\t\t\t\t\t\t\t\t\t\t\t\t\t<a href=\"#\">\n\t\t\t\t\t\t\t<img decoding=\"async\" width=\"1500\" height=\"1604\" src=\"https:\/\/afrogrow-project.eu\/wp-content\/uploads\/2025\/11\/3fold-mockup-1.png\" class=\"attachment-full size-full wp-image-5385\" alt=\"\" srcset=\"https:\/\/afrogrow-project.eu\/wp-content\/uploads\/2025\/11\/3fold-mockup-1.png 1500w, https:\/\/afrogrow-project.eu\/wp-content\/uploads\/2025\/11\/3fold-mockup-1-281x300.png 281w, https:\/\/afrogrow-project.eu\/wp-content\/uploads\/2025\/11\/3fold-mockup-1-958x1024.png 958w, https:\/\/afrogrow-project.eu\/wp-content\/uploads\/2025\/11\/3fold-mockup-1-768x821.png 768w, https:\/\/afrogrow-project.eu\/wp-content\/uploads\/2025\/11\/3fold-mockup-1-1436x1536.png 1436w, https:\/\/afrogrow-project.eu\/wp-content\/uploads\/2025\/11\/3fold-mockup-1-11x12.png 11w\" sizes=\"(max-width: 1500px) 100vw, 1500px\" \/>\t\t\t\t\t\t\t\t<\/a>\n\t\t\t\t\t\t\t\t\t\t\t\t\t\t\t<\/div>\n\t\t\t\t<\/div>\n\t\t\t\t\t<\/div>\n\t\t<\/div>\n\t\t\t\t\t<\/div>\n\t\t<\/section>\n\t\t\t\t<section class=\"elementor-section elementor-top-section elementor-element elementor-element-e6b2117 elementor-section-boxed elementor-section-height-default elementor-section-height-default\" data-id=\"e6b2117\" data-element_type=\"section\">\n\t\t\t\t\t\t<div class=\"elementor-container elementor-column-gap-default\">\n\t\t\t\t\t<div class=\"elementor-column elementor-col-33 elementor-top-column elementor-element elementor-element-6a583b3\" data-id=\"6a583b3\" data-element_type=\"column\">\n\t\t\t<div class=\"elementor-widget-wrap elementor-element-populated\">\n\t\t\t\t\t\t<div class=\"elementor-element elementor-element-c701169 elementor-widget elementor-widget-ecolar_banner\" data-id=\"c701169\" data-element_type=\"widget\" data-widget_type=\"ecolar_banner.default\">\n\t\t\t\t<div class=\"elementor-widget-container\">\n\t\t\t\t\t        <div class=\"ecolar-banner-wrapper\">\r\n                <h2 class=\"banner-title\">Banni\u00e8re enroulable<\/h2>\r\n                <div class=\"ecolar-banner-dec\">\r\n                    <p><\/p>\r\n                <\/div>\r\n                            <\/div>\r\n        \t\t\t\t<\/div>\n\t\t\t\t<\/div>\n\t\t\t\t<div class=\"elementor-element elementor-element-2c2c91a elementor-widget elementor-widget-ecolar_banner\" data-id=\"2c2c91a\" data-element_type=\"widget\" data-widget_type=\"ecolar_banner.default\">\n\t\t\t\t<div class=\"elementor-widget-container\">\n\t\t\t\t\t        <div class=\"ecolar-banner-wrapper\">\r\n                <h2 class=\"banner-title\"><\/h2>\r\n                <div class=\"ecolar-banner-dec\">\r\n                    <p>T\u00e9l\u00e9chargement avec la mention du financement de l'UE<\/p>\r\n                <\/div>\r\n                                <div class=\"ecolar-banner-btn\">\r\n                    <a href=\"https:\/\/afrogrow-project.eu\/wp-content\/uploads\/2025\/11\/afrogrow_ROLLUP_final.pdf\"  target=\"_blank\" >T\u00e9l\u00e9chargez<i class=\"fas fa-angle-double-right\"><\/i><\/a>\r\n                <\/div>\r\n                            <\/div>\r\n        \t\t\t\t<\/div>\n\t\t\t\t<\/div>\n\t\t\t\t<div class=\"elementor-element elementor-element-6bef941 elementor-widget elementor-widget-ecolar_banner\" data-id=\"6bef941\" data-element_type=\"widget\" data-widget_type=\"ecolar_banner.default\">\n\t\t\t\t<div class=\"elementor-widget-container\">\n\t\t\t\t\t        <div class=\"ecolar-banner-wrapper\">\r\n                <h2 class=\"banner-title\"><\/h2>\r\n                <div class=\"ecolar-banner-dec\">\r\n                    <p>T\u00e9l\u00e9chargement avec la d\u00e9claration de financement de l'UE et du SERI<\/p>\r\n                <\/div>\r\n                                <div class=\"ecolar-banner-btn\">\r\n                    <a href=\"https:\/\/afrogrow-project.eu\/wp-content\/uploads\/2025\/11\/afrogrow_ROLLUP_final_SERI.pdf\"  target=\"_blank\" >T\u00e9l\u00e9chargez<i class=\"fas fa-angle-double-right\"><\/i><\/a>\r\n                <\/div>\r\n                            <\/div>\r\n        \t\t\t\t<\/div>\n\t\t\t\t<\/div>\n\t\t\t\t\t<\/div>\n\t\t<\/div>\n\t\t\t\t<div class=\"elementor-column elementor-col-66 elementor-top-column elementor-element elementor-element-209a5d1\" data-id=\"209a5d1\" data-element_type=\"column\" data-settings=\"{&quot;background_background&quot;:&quot;classic&quot;}\">\n\t\t\t<div class=\"elementor-widget-wrap elementor-element-populated\">\n\t\t\t\t\t\t\t\t\t<div data-eael_duration=\"{&quot;transitionDuration&quot;:1000}\" data-eael_easing=\"{&quot;transitionEasing&quot;:&quot;ease&quot;}\" data-eael_offset_hover_left=\"{&quot;size&quot;:-70,&quot;unit&quot;:&quot;px&quot;}\" data-eael_scale_hover_effect=\"{&quot;scale_x&quot;:1.15,&quot;scale_y&quot;:1.15}\" data-eael_hover_duration=\"{&quot;transitionDuration&quot;:1000}\" data-eael_hover_easing=\"{&quot;transitionEasing&quot;:&quot;ease-in-out&quot;}\" class=\"eael_hover_effect elementor-element elementor-element-61587d0 elementor-widget elementor-widget-image\" data-id=\"61587d0\" data-element_type=\"widget\" data-settings=\"{&quot;eael_hover_effect_transform_hover_popover&quot;:&quot;yes&quot;,&quot;eael_hover_effect_general_settings_hover_easing&quot;:&quot;ease-in-out&quot;,&quot;eael_hover_effect_offset_hover_popover&quot;:&quot;yes&quot;,&quot;eael_hover_effect_offset_hover_left&quot;:{&quot;unit&quot;:&quot;px&quot;,&quot;size&quot;:-70,&quot;sizes&quot;:[]},&quot;eael_hover_effect_general_settings_easing&quot;:&quot;ease&quot;,&quot;eael_hover_effect_offset_hover_left_tablet&quot;:{&quot;unit&quot;:&quot;px&quot;,&quot;size&quot;:&quot;&quot;,&quot;sizes&quot;:[]},&quot;eael_hover_effect_offset_hover_left_mobile&quot;:{&quot;unit&quot;:&quot;px&quot;,&quot;size&quot;:&quot;&quot;,&quot;sizes&quot;:[]},&quot;eael_hover_effect_offset_hover_top&quot;:{&quot;unit&quot;:&quot;px&quot;,&quot;size&quot;:0,&quot;sizes&quot;:[]},&quot;eael_hover_effect_offset_hover_top_tablet&quot;:{&quot;unit&quot;:&quot;px&quot;,&quot;size&quot;:&quot;&quot;,&quot;sizes&quot;:[]},&quot;eael_hover_effect_offset_hover_top_mobile&quot;:{&quot;unit&quot;:&quot;px&quot;,&quot;size&quot;:&quot;&quot;,&quot;sizes&quot;:[]}}\" data-widget_type=\"image.default\">\n\t\t\t\t<div class=\"elementor-widget-container\">\n\t\t\t\t\t\t\t\t\t\t\t\t\t\t\t\t<a href=\"#\">\n\t\t\t\t\t\t\t<img decoding=\"async\" width=\"1500\" height=\"1540\" src=\"https:\/\/afrogrow-project.eu\/wp-content\/uploads\/2025\/11\/Roll-up-Banner-Mockup.png\" class=\"attachment-full size-full wp-image-5380\" alt=\"\" srcset=\"https:\/\/afrogrow-project.eu\/wp-content\/uploads\/2025\/11\/Roll-up-Banner-Mockup.png 1500w, https:\/\/afrogrow-project.eu\/wp-content\/uploads\/2025\/11\/Roll-up-Banner-Mockup-292x300.png 292w, https:\/\/afrogrow-project.eu\/wp-content\/uploads\/2025\/11\/Roll-up-Banner-Mockup-997x1024.png 997w, https:\/\/afrogrow-project.eu\/wp-content\/uploads\/2025\/11\/Roll-up-Banner-Mockup-768x788.png 768w, https:\/\/afrogrow-project.eu\/wp-content\/uploads\/2025\/11\/Roll-up-Banner-Mockup-1496x1536.png 1496w, https:\/\/afrogrow-project.eu\/wp-content\/uploads\/2025\/11\/Roll-up-Banner-Mockup-12x12.png 12w\" sizes=\"(max-width: 1500px) 100vw, 1500px\" \/>\t\t\t\t\t\t\t\t<\/a>\n\t\t\t\t\t\t\t\t\t\t\t\t\t\t\t<\/div>\n\t\t\t\t<\/div>\n\t\t\t\t\t<\/div>\n\t\t<\/div>\n\t\t\t\t\t<\/div>\n\t\t<\/section>\n\t\t\t\t<section class=\"elementor-section elementor-top-section elementor-element elementor-element-4711348 elementor-section-boxed elementor-section-height-default elementor-section-height-default\" data-id=\"4711348\" data-element_type=\"section\">\n\t\t\t\t\t\t<div class=\"elementor-container elementor-column-gap-default\">\n\t\t\t\t\t<div class=\"elementor-column elementor-col-33 elementor-top-column elementor-element elementor-element-bf4e888\" data-id=\"bf4e888\" data-element_type=\"column\">\n\t\t\t<div class=\"elementor-widget-wrap elementor-element-populated\">\n\t\t\t\t\t\t<div class=\"elementor-element elementor-element-32b0399 elementor-widget elementor-widget-ecolar_banner\" data-id=\"32b0399\" data-element_type=\"widget\" data-widget_type=\"ecolar_banner.default\">\n\t\t\t\t<div class=\"elementor-widget-container\">\n\t\t\t\t\t        <div class=\"ecolar-banner-wrapper\">\r\n                <h2 class=\"banner-title\">2nd Roll up banner<\/h2>\r\n                <div class=\"ecolar-banner-dec\">\r\n                    <p><\/p>\r\n                <\/div>\r\n                            <\/div>\r\n        \t\t\t\t<\/div>\n\t\t\t\t<\/div>\n\t\t\t\t<div class=\"elementor-element elementor-element-3202397 elementor-widget elementor-widget-ecolar_banner\" data-id=\"3202397\" data-element_type=\"widget\" data-widget_type=\"ecolar_banner.default\">\n\t\t\t\t<div class=\"elementor-widget-container\">\n\t\t\t\t\t        <div class=\"ecolar-banner-wrapper\">\r\n                <h2 class=\"banner-title\"><\/h2>\r\n                <div class=\"ecolar-banner-dec\">\r\n                    <p>T\u00e9l\u00e9chargement avec la mention du financement de l'UE<\/p>\r\n                <\/div>\r\n                                <div class=\"ecolar-banner-btn\">\r\n                    <a href=\"https:\/\/afrogrow-project.eu\/wp-content\/uploads\/2025\/11\/afrogrow_ROLLUP_80X200_synergy_2_web.pdf\"  target=\"_blank\" >T\u00e9l\u00e9chargez<i class=\"fas fa-angle-double-right\"><\/i><\/a>\r\n                <\/div>\r\n                            <\/div>\r\n        \t\t\t\t<\/div>\n\t\t\t\t<\/div>\n\t\t\t\t<div class=\"elementor-element elementor-element-bc4bdf7 elementor-widget elementor-widget-ecolar_banner\" data-id=\"bc4bdf7\" data-element_type=\"widget\" data-widget_type=\"ecolar_banner.default\">\n\t\t\t\t<div class=\"elementor-widget-container\">\n\t\t\t\t\t        <div class=\"ecolar-banner-wrapper\">\r\n                <h2 class=\"banner-title\"><\/h2>\r\n                <div class=\"ecolar-banner-dec\">\r\n                    <p>T\u00e9l\u00e9chargement avec la d\u00e9claration de financement de l'UE et du SERI<\/p>\r\n                <\/div>\r\n                                <div class=\"ecolar-banner-btn\">\r\n                    <a href=\"https:\/\/afrogrow-project.eu\/wp-content\/uploads\/2025\/11\/afrogrow_ROLLUP_80X200_SERI_2_web.pdf\"  target=\"_blank\" >T\u00e9l\u00e9chargez<i class=\"fas fa-angle-double-right\"><\/i><\/a>\r\n                <\/div>\r\n                            <\/div>\r\n        \t\t\t\t<\/div>\n\t\t\t\t<\/div>\n\t\t\t\t\t<\/div>\n\t\t<\/div>\n\t\t\t\t<div class=\"elementor-column elementor-col-66 elementor-top-column elementor-element elementor-element-e9ad08c\" data-id=\"e9ad08c\" data-element_type=\"column\" data-settings=\"{&quot;background_background&quot;:&quot;classic&quot;}\">\n\t\t\t<div class=\"elementor-widget-wrap elementor-element-populated\">\n\t\t\t\t\t\t\t\t\t<div data-eael_duration=\"{&quot;transitionDuration&quot;:1000}\" data-eael_easing=\"{&quot;transitionEasing&quot;:&quot;ease&quot;}\" data-eael_offset_hover_left=\"{&quot;size&quot;:-70,&quot;unit&quot;:&quot;px&quot;}\" data-eael_scale_hover_effect=\"{&quot;scale_x&quot;:1.15,&quot;scale_y&quot;:1.15}\" data-eael_hover_duration=\"{&quot;transitionDuration&quot;:1000}\" data-eael_hover_easing=\"{&quot;transitionEasing&quot;:&quot;ease-in-out&quot;}\" class=\"eael_hover_effect elementor-element elementor-element-8145f5a elementor-widget elementor-widget-image\" data-id=\"8145f5a\" data-element_type=\"widget\" data-settings=\"{&quot;eael_hover_effect_transform_hover_popover&quot;:&quot;yes&quot;,&quot;eael_hover_effect_general_settings_hover_easing&quot;:&quot;ease-in-out&quot;,&quot;eael_hover_effect_offset_hover_popover&quot;:&quot;yes&quot;,&quot;eael_hover_effect_offset_hover_left&quot;:{&quot;unit&quot;:&quot;px&quot;,&quot;size&quot;:-70,&quot;sizes&quot;:[]},&quot;eael_hover_effect_general_settings_easing&quot;:&quot;ease&quot;,&quot;eael_hover_effect_offset_hover_left_tablet&quot;:{&quot;unit&quot;:&quot;px&quot;,&quot;size&quot;:&quot;&quot;,&quot;sizes&quot;:[]},&quot;eael_hover_effect_offset_hover_left_mobile&quot;:{&quot;unit&quot;:&quot;px&quot;,&quot;size&quot;:&quot;&quot;,&quot;sizes&quot;:[]},&quot;eael_hover_effect_offset_hover_top&quot;:{&quot;unit&quot;:&quot;px&quot;,&quot;size&quot;:0,&quot;sizes&quot;:[]},&quot;eael_hover_effect_offset_hover_top_tablet&quot;:{&quot;unit&quot;:&quot;px&quot;,&quot;size&quot;:&quot;&quot;,&quot;sizes&quot;:[]},&quot;eael_hover_effect_offset_hover_top_mobile&quot;:{&quot;unit&quot;:&quot;px&quot;,&quot;size&quot;:&quot;&quot;,&quot;sizes&quot;:[]}}\" data-widget_type=\"image.default\">\n\t\t\t\t<div class=\"elementor-widget-container\">\n\t\t\t\t\t\t\t\t\t\t\t\t\t\t\t\t<a href=\"#\">\n\t\t\t\t\t\t\t<img loading=\"lazy\" decoding=\"async\" width=\"1500\" height=\"1540\" src=\"https:\/\/afrogrow-project.eu\/wp-content\/uploads\/2025\/11\/Roll-up-Banner-2-Mockup.png\" class=\"attachment-full size-full wp-image-5410\" alt=\"\" srcset=\"https:\/\/afrogrow-project.eu\/wp-content\/uploads\/2025\/11\/Roll-up-Banner-2-Mockup.png 1500w, https:\/\/afrogrow-project.eu\/wp-content\/uploads\/2025\/11\/Roll-up-Banner-2-Mockup-292x300.png 292w, https:\/\/afrogrow-project.eu\/wp-content\/uploads\/2025\/11\/Roll-up-Banner-2-Mockup-997x1024.png 997w, https:\/\/afrogrow-project.eu\/wp-content\/uploads\/2025\/11\/Roll-up-Banner-2-Mockup-768x788.png 768w, https:\/\/afrogrow-project.eu\/wp-content\/uploads\/2025\/11\/Roll-up-Banner-2-Mockup-1496x1536.png 1496w, https:\/\/afrogrow-project.eu\/wp-content\/uploads\/2025\/11\/Roll-up-Banner-2-Mockup-12x12.png 12w\" sizes=\"(max-width: 1500px) 100vw, 1500px\" \/>\t\t\t\t\t\t\t\t<\/a>\n\t\t\t\t\t\t\t\t\t\t\t\t\t\t\t<\/div>\n\t\t\t\t<\/div>\n\t\t\t\t\t<\/div>\n\t\t<\/div>\n\t\t\t\t\t<\/div>\n\t\t<\/section>\n\t\t\t\t<\/div>","protected":false},"excerpt":{"rendered":"<p>Welcome to the AfroGrow Media Kit section where you\u2019ll find a collection of promotional materials designed to share our mission and vision. The media kit includes brochures, banners, flyers, and other visual assets that present an overview of the project\u2019s goals, core activities, key outputs, and anticipated impacts. Brand guidelines Download the booklet with the [&hellip;]<\/p>","protected":false},"author":1,"featured_media":0,"parent":0,"menu_order":0,"comment_status":"closed","ping_status":"closed","template":"","meta":{"give_campaign_id":0,"iawp_total_views":65,"footnotes":""},"categories":[],"tags":[],"class_list":["post-1005","page","type-page","status-publish","hentry"],"campaignId":"","_links":{"self":[{"href":"https:\/\/afrogrow-project.eu\/fr\/wp-json\/wp\/v2\/pages\/1005","targetHints":{"allow":["GET"]}}],"collection":[{"href":"https:\/\/afrogrow-project.eu\/fr\/wp-json\/wp\/v2\/pages"}],"about":[{"href":"https:\/\/afrogrow-project.eu\/fr\/wp-json\/wp\/v2\/types\/page"}],"author":[{"embeddable":true,"href":"https:\/\/afrogrow-project.eu\/fr\/wp-json\/wp\/v2\/users\/1"}],"replies":[{"embeddable":true,"href":"https:\/\/afrogrow-project.eu\/fr\/wp-json\/wp\/v2\/comments?post=1005"}],"version-history":[{"count":0,"href":"https:\/\/afrogrow-project.eu\/fr\/wp-json\/wp\/v2\/pages\/1005\/revisions"}],"wp:attachment":[{"href":"https:\/\/afrogrow-project.eu\/fr\/wp-json\/wp\/v2\/media?parent=1005"}],"wp:term":[{"taxonomy":"category","embeddable":true,"href":"https:\/\/afrogrow-project.eu\/fr\/wp-json\/wp\/v2\/categories?post=1005"},{"taxonomy":"post_tag","embeddable":true,"href":"https:\/\/afrogrow-project.eu\/fr\/wp-json\/wp\/v2\/tags?post=1005"}],"curies":[{"name":"wp","href":"https:\/\/api.w.org\/{rel}","templated":true}]}}